{"id":162,"date":"2026-02-17T16:09:07","date_gmt":"2026-02-17T16:09:07","guid":{"rendered":"https:\/\/raiseup-fundraising.fr\/?page_id=162"},"modified":"2026-02-18T15:50:11","modified_gmt":"2026-02-18T15:50:11","slug":"30-minutes","status":"publish","type":"page","link":"https:\/\/raiseup-fundraising.fr\/index.php\/30-minutes\/","title":{"rendered":"30 minutes pour se (re)lancer"},"content":{"rendered":"\t\t<div data-elementor-type=\"wp-page\" data-elementor-id=\"162\" class=\"elementor elementor-162\">\n\t\t\t\t<div class=\"elementor-element elementor-element-273bf14 e-grid e-con-boxed e-con e-parent\" data-id=\"273bf14\" data-element_type=\"container\" data-e-type=\"container\">\n\t\t\t\t\t<div class=\"e-con-inner\">\n\t\t<div class=\"elementor-element elementor-element-e55bd11 e-con-full e-flex e-con e-child\" data-id=\"e55bd11\" data-element_type=\"container\" data-e-type=\"container\">\n\t\t\t\t<div class=\"elementor-element elementor-element-0f7d7e3 elementor-widget-divider--view-line elementor-widget elementor-widget-divider\" data-id=\"0f7d7e3\" data-element_type=\"widget\" data-e-type=\"widget\" data-widget_type=\"divider.default\">\n\t\t\t\t\t\t\t<div class=\"elementor-divider\">\n\t\t\t<span class=\"elementor-divider-separator\">\n\t\t\t\t\t\t<\/span>\n\t\t<\/div>\n\t\t\t\t\t\t<\/div>\n\t\t\t\t<div class=\"elementor-element elementor-element-6de1220 elementor-widget elementor-widget-heading\" data-id=\"6de1220\" data-element_type=\"widget\" data-e-type=\"widget\" data-widget_type=\"heading.default\">\n\t\t\t\t\t<h2 class=\"elementor-heading-title elementor-size-default\">30MINUTES<br \/>pour (re)lancer <br \/>sa collecte de fonds<\/h2>\t\t\t\t<\/div>\n\t\t\t\t<div class=\"elementor-element elementor-element-e26097b elementor-widget elementor-widget-text-editor\" data-id=\"e26097b\" data-element_type=\"widget\" data-e-type=\"widget\" data-widget_type=\"text-editor.default\">\n\t\t\t\t\t\t\t\t\t<p>30 minutes pour tout changer&#8230; ou pas\u00a0 ! Ce que nous pouvons vous garantir, c&rsquo;est d&rsquo;essayer de comprendre au mieux vos enjeux et de d\u00e9finir les grands axes de travail pour d\u00e9velopper votre collecte de fonds.\u00a0<\/p><p>Il y aura des choses \u00e9videntes, d&rsquo;autres plus \u00ab\u00a0niches\u00a0\u00bb, en fonction de vos besoins, de vos cibles et de votre objet social.\u00a0<\/p><p>Il y a des points que vous pourrez mettre en \u0153uvre en interne, d&rsquo;autres sur lesquels vous aurez besoin d&rsquo;\u00eatre accompagn\u00e9s (par nous ou par d&rsquo;autre, mais ce n&rsquo;est pas l&rsquo;objet de ce premier \u00e9change).<\/p><p>Si vous avez besoin de parler de chiffres, de co\u00fbts, d&rsquo;investissement, on en parlera. Sans d\u00e9tour et sans tabou parce que c&rsquo;est comme \u00e7a qu&rsquo;on avance.\u00a0\u00a0<\/p><p>Ces trente minutes doivent vous permettre d&rsquo;y voir un peu plus clair sur vos possibilit\u00e9s et vos opportunit\u00e9s \u00e0 court et moyen terme.<\/p><p>On ne peut vous promettre une illumination quasi divine ou une solution miracle, mais nous vous garantissons des r\u00e9ponses claires \u00e0 vos questions et des pistes concr\u00e8tes pour vous aider \u00e0 avancer. Et c&rsquo;est d\u00e9j\u00e0 pas mal !<\/p>\t\t\t\t\t\t\t\t<\/div>\n\t\t\t\t<div class=\"elementor-element elementor-element-5515866 elementor-widget-divider--view-line elementor-widget elementor-widget-divider\" data-id=\"5515866\" data-element_type=\"widget\" data-e-type=\"widget\" data-widget_type=\"divider.default\">\n\t\t\t\t\t\t\t<div class=\"elementor-divider\">\n\t\t\t<span class=\"elementor-divider-separator\">\n\t\t\t\t\t\t<\/span>\n\t\t<\/div>\n\t\t\t\t\t\t<\/div>\n\t\t\t\t<\/div>\n\t\t\t\t\t<\/div>\n\t\t\t\t<\/div>\n\t\t<div class=\"elementor-element elementor-element-0c0f6d2 e-grid e-con-boxed e-con e-parent\" data-id=\"0c0f6d2\" data-element_type=\"container\" data-e-type=\"container\">\n\t\t\t\t\t<div class=\"e-con-inner\">\n\t\t\t\t<div class=\"elementor-element elementor-element-e45e06f elementor-widget elementor-widget-heading\" data-id=\"e45e06f\" data-element_type=\"widget\" data-e-type=\"widget\" data-widget_type=\"heading.default\">\n\t\t\t\t\t<h2 class=\"elementor-heading-title elementor-size-default\">R\u00e9servez votre cr\u00e9neau d\u00e8s maintenant !<\/h2>\t\t\t\t<\/div>\n\t\t\t\t\t<\/div>\n\t\t\t\t<\/div>\n\t\t<div class=\"elementor-element elementor-element-b28ea1e e-flex e-con-boxed e-con e-parent\" data-id=\"b28ea1e\" data-element_type=\"container\" data-e-type=\"container\">\n\t\t\t\t\t<div class=\"e-con-inner\">\n\t\t\t\t<div class=\"elementor-element elementor-element-fd664c0 elementor-widget elementor-widget-text-editor\" data-id=\"fd664c0\" data-element_type=\"widget\" data-e-type=\"widget\" data-widget_type=\"text-editor.default\">\n\t\t\t\t\t\t\t\t\t<!-- D\u00e9but de widget en ligne Calendly -->\n<div class=\"calendly-inline-widget\" data-url=\"https:\/\/calendly.com\/ludwig-raiseup-fundraising\/30min?hide_event_type_details=1&#038;hide_gdpr_banner=1&#038;primary_color=05870c\" style=\"min-width:320px;height:700px;\"><\/div>\n<script type=\"text\/javascript\" src=\"https:\/\/assets.calendly.com\/assets\/external\/widget.js\" async><\/script>\n<!-- Fin de widget en ligne Calendly -->\t\t\t\t\t\t\t\t<\/div>\n\t\t\t\t\t<\/div>\n\t\t\t\t<\/div>\n\t\t<div class=\"elementor-element elementor-element-d2e43dc e-flex e-con-boxed e-con e-parent\" data-id=\"d2e43dc\" data-element_type=\"container\" data-e-type=\"container\">\n\t\t\t\t\t<div class=\"e-con-inner\">\n\t\t\t\t\t<\/div>\n\t\t\t\t<\/div>\n\t\t\t\t<\/div>\n\t\t","protected":false},"excerpt":{"rendered":"<p>30MINUTESpour (re)lancer sa collecte de fonds 30 minutes pour tout changer&#8230; ou pas\u00a0 ! Ce que nous pouvons vous garantir, c&rsquo;est d&rsquo;essayer de comprendre au mieux vos enjeux et de d\u00e9finir les grands axes de travail pour d\u00e9velopper votre collecte de fonds.\u00a0 Il y aura des choses \u00e9videntes, d&rsquo;autres plus \u00ab\u00a0niches\u00a0\u00bb, en fonction de vos [&hellip;]<\/p>\n","protected":false},"author":1,"featured_media":0,"parent":0,"menu_order":0,"comment_status":"closed","ping_status":"closed","template":"","meta":{"footnotes":""},"class_list":["post-162","page","type-page","status-publish","hentry"],"_links":{"self":[{"href":"https:\/\/raiseup-fundraising.fr\/index.php\/wp-json\/wp\/v2\/pages\/162","targetHints":{"allow":["GET"]}}],"collection":[{"href":"https:\/\/raiseup-fundraising.fr\/index.php\/wp-json\/wp\/v2\/pages"}],"about":[{"href":"https:\/\/raiseup-fundraising.fr\/index.php\/wp-json\/wp\/v2\/types\/page"}],"author":[{"embeddable":true,"href":"https:\/\/raiseup-fundraising.fr\/index.php\/wp-json\/wp\/v2\/users\/1"}],"replies":[{"embeddable":true,"href":"https:\/\/raiseup-fundraising.fr\/index.php\/wp-json\/wp\/v2\/comments?post=162"}],"version-history":[{"count":28,"href":"https:\/\/raiseup-fundraising.fr\/index.php\/wp-json\/wp\/v2\/pages\/162\/revisions"}],"predecessor-version":[{"id":238,"href":"https:\/\/raiseup-fundraising.fr\/index.php\/wp-json\/wp\/v2\/pages\/162\/revisions\/238"}],"wp:attachment":[{"href":"https:\/\/raiseup-fundraising.fr\/index.php\/wp-json\/wp\/v2\/media?parent=162"}],"curies":[{"name":"wp","href":"https:\/\/api.w.org\/{rel}","templated":true}]}}