{"id":178,"date":"2026-02-18T14:44:08","date_gmt":"2026-02-18T14:44:08","guid":{"rendered":"https:\/\/raiseup-fundraising.fr\/?page_id=178"},"modified":"2026-02-18T15:22:37","modified_gmt":"2026-02-18T15:22:37","slug":"audit-et-diagnostic","status":"publish","type":"page","link":"https:\/\/raiseup-fundraising.fr\/index.php\/audit-et-diagnostic\/","title":{"rendered":"Audit et Diagnostic"},"content":{"rendered":"\t\t<div data-elementor-type=\"wp-page\" data-elementor-id=\"178\" class=\"elementor elementor-178\">\n\t\t\t\t<div class=\"elementor-element elementor-element-8757b37 e-grid e-con-boxed e-con e-parent\" data-id=\"8757b37\" data-element_type=\"container\" data-e-type=\"container\">\n\t\t\t\t\t<div class=\"e-con-inner\">\n\t\t\t\t<div class=\"elementor-element elementor-element-444cbfe elementor-widget-divider--view-line elementor-widget elementor-widget-divider\" data-id=\"444cbfe\" data-element_type=\"widget\" data-e-type=\"widget\" data-widget_type=\"divider.default\">\n\t\t\t\t\t\t\t<div class=\"elementor-divider\">\n\t\t\t<span class=\"elementor-divider-separator\">\n\t\t\t\t\t\t<\/span>\n\t\t<\/div>\n\t\t\t\t\t\t<\/div>\n\t\t\t\t\t<\/div>\n\t\t\t\t<\/div>\n\t\t<div class=\"elementor-element elementor-element-6261123 e-grid e-con-boxed e-con e-parent\" data-id=\"6261123\" data-element_type=\"container\" data-e-type=\"container\">\n\t\t\t\t\t<div class=\"e-con-inner\">\n\t\t<div class=\"elementor-element elementor-element-f55b894 e-con-full e-flex e-con e-child\" data-id=\"f55b894\" data-element_type=\"container\" data-e-type=\"container\">\n\t\t\t\t<\/div>\n\t\t<div class=\"elementor-element elementor-element-3f54872 e-con-full e-flex e-con e-child\" data-id=\"3f54872\" data-element_type=\"container\" data-e-type=\"container\">\n\t\t\t\t<div class=\"elementor-element elementor-element-c948694 elementor-widget elementor-widget-heading\" data-id=\"c948694\" data-element_type=\"widget\" data-e-type=\"widget\" data-widget_type=\"heading.default\">\n\t\t\t\t\t<h2 class=\"elementor-heading-title elementor-size-default\">Audit &amp; Diagnostic<\/h2>\t\t\t\t<\/div>\n\t\t\t\t<\/div>\n\t\t\t\t\t<\/div>\n\t\t\t\t<\/div>\n\t\t<div class=\"elementor-element elementor-element-b3d0989 e-grid e-con-boxed e-con e-parent\" data-id=\"b3d0989\" data-element_type=\"container\" data-e-type=\"container\">\n\t\t\t\t\t<div class=\"e-con-inner\">\n\t\t<div class=\"elementor-element elementor-element-5dfc771 e-con-full e-flex e-con e-child\" data-id=\"5dfc771\" data-element_type=\"container\" data-e-type=\"container\">\n\t\t\t\t<div class=\"elementor-element elementor-element-d7131c4 elementor-widget elementor-widget-heading\" data-id=\"d7131c4\" data-element_type=\"widget\" data-e-type=\"widget\" data-widget_type=\"heading.default\">\n\t\t\t\t\t<h2 class=\"elementor-heading-title elementor-size-default\">ON REPREND<Br \/>LES BASES<br \/>POUR MIEUX<br \/>SE (RE)LANCER<\/h2>\t\t\t\t<\/div>\n\t\t\t\t<\/div>\n\t\t<div class=\"elementor-element elementor-element-570f3d7 e-con-full e-flex e-con e-child\" data-id=\"570f3d7\" data-element_type=\"container\" data-e-type=\"container\">\n\t\t\t\t<div class=\"elementor-element elementor-element-f8087ed elementor-view-default elementor-widget elementor-widget-icon\" data-id=\"f8087ed\" data-element_type=\"widget\" data-e-type=\"widget\" data-widget_type=\"icon.default\">\n\t\t\t\t\t\t\t<div class=\"elementor-icon-wrapper\">\n\t\t\t<div class=\"elementor-icon\">\n\t\t\t<svg aria-hidden=\"true\" class=\"e-font-icon-svg e-fab-searchengin\" viewBox=\"0 0 460 512\" xmlns=\"http:\/\/www.w3.org\/2000\/svg\"><path d=\"M220.6 130.3l-67.2 28.2V43.2L98.7 233.5l54.7-24.2v130.3l67.2-209.3zm-83.2-96.7l-1.3 4.7-15.2 52.9C80.6 106.7 52 145.8 52 191.5c0 52.3 34.3 95.9 83.4 105.5v53.6C57.5 340.1 0 272.4 0 191.6c0-80.5 59.8-147.2 137.4-158zm311.4 447.2c-11.2 11.2-23.1 12.3-28.6 10.5-5.4-1.8-27.1-19.9-60.4-44.4-33.3-24.6-33.6-35.7-43-56.7-9.4-20.9-30.4-42.6-57.5-52.4l-9.7-14.7c-24.7 16.9-53 26.9-81.3 28.7l2.1-6.6 15.9-49.5c46.5-11.9 80.9-54 80.9-104.2 0-54.5-38.4-102.1-96-107.1V32.3C254.4 37.4 320 106.8 320 191.6c0 33.6-11.2 64.7-29 90.4l14.6 9.6c9.8 27.1 31.5 48 52.4 57.4s32.2 9.7 56.8 43c24.6 33.2 42.7 54.9 44.5 60.3s.7 17.3-10.5 28.5zm-9.9-17.9c0-4.4-3.6-8-8-8s-8 3.6-8 8 3.6 8 8 8 8-3.6 8-8z\"><\/path><\/svg>\t\t\t<\/div>\n\t\t<\/div>\n\t\t\t\t\t\t<\/div>\n\t\t\t\t<\/div>\n\t\t\t\t\t<\/div>\n\t\t\t\t<\/div>\n\t\t<div class=\"elementor-element elementor-element-4f5b8e1 e-flex e-con-boxed e-con e-parent\" data-id=\"4f5b8e1\" data-element_type=\"container\" data-e-type=\"container\">\n\t\t\t\t\t<div class=\"e-con-inner\">\n\t\t\t\t<div class=\"elementor-element elementor-element-0f5b9ec elementor-widget-divider--view-line elementor-widget elementor-widget-divider\" data-id=\"0f5b9ec\" data-element_type=\"widget\" data-e-type=\"widget\" data-widget_type=\"divider.default\">\n\t\t\t\t\t\t\t<div class=\"elementor-divider\">\n\t\t\t<span class=\"elementor-divider-separator\">\n\t\t\t\t\t\t<\/span>\n\t\t<\/div>\n\t\t\t\t\t\t<\/div>\n\t\t\t\t<div class=\"elementor-element elementor-element-95ced14 elementor-widget elementor-widget-text-editor\" data-id=\"95ced14\" data-element_type=\"widget\" data-e-type=\"widget\" data-widget_type=\"text-editor.default\">\n\t\t\t\t\t\t\t\t\t<p>\u00a0<\/p><h3>Analyse du mod\u00e8le \u00e9conomique<\/h3><ul><li>Diversification des ressources et niveaux de d\u00e9pendance<\/li><li>\u00c9quilibre financements publics \/ priv\u00e9s<\/li><li>Capacit\u00e9 d\u2019autofinancement et trajectoire de d\u00e9veloppement<\/li><\/ul><h3>Diagnostic organisationnel<\/h3><ul><li>R\u00e9partition des r\u00f4les (\u00e9quipe \/ b\u00e9n\u00e9voles \/ gouvernance)<\/li><li>Implication et alignement du conseil d\u2019administration<\/li><li>Niveau de maturit\u00e9 fundraising<\/li><\/ul><h3>\u00c9valuation des pratiques de collecte<\/h3><ul><li>Base contacts \/ CRM (m\u00eame simple)<\/li><li>Parcours donateur et qualit\u00e9 des relances<\/li><li>Analyse des campagnes pass\u00e9es (ce qui a fonctionn\u00e9 \/ ce qui bloque)<\/li><li>Positionnement, messages, argumentaires<\/li><\/ul><h3>Identification des opportunit\u00e9s<\/h3><ul><li>Potentiel grand public<\/li><li>M\u00e9c\u00e9nat entreprises<\/li><li>Fondations<\/li><li>Legs, donations et lib\u00e9ralit\u00e9s (selon pertinence)<\/li><\/ul><section class=\"ru-section\"><\/section><section class=\"ru-section ru-cta\"><\/section>\t\t\t\t\t\t\t\t<\/div>\n\t\t\t\t<div class=\"elementor-element elementor-element-bf31c72 elementor-widget-divider--view-line elementor-widget elementor-widget-divider\" data-id=\"bf31c72\" data-element_type=\"widget\" data-e-type=\"widget\" data-widget_type=\"divider.default\">\n\t\t\t\t\t\t\t<div class=\"elementor-divider\">\n\t\t\t<span class=\"elementor-divider-separator\">\n\t\t\t\t\t\t<\/span>\n\t\t<\/div>\n\t\t\t\t\t\t<\/div>\n\t\t\t\t\t<\/div>\n\t\t\t\t<\/div>\n\t\t<div class=\"elementor-element elementor-element-c0d9976 e-grid e-con-boxed e-con e-parent\" data-id=\"c0d9976\" data-element_type=\"container\" data-e-type=\"container\">\n\t\t\t\t\t<div class=\"e-con-inner\">\n\t\t<div class=\"elementor-element elementor-element-fe98162 e-con-full e-flex e-con e-child\" data-id=\"fe98162\" data-element_type=\"container\" data-e-type=\"container\">\n\t\t\t\t<div class=\"elementor-element elementor-element-c700247 elementor-widget elementor-widget-heading\" data-id=\"c700247\" data-element_type=\"widget\" data-e-type=\"widget\" data-widget_type=\"heading.default\">\n\t\t\t\t\t<h2 class=\"elementor-heading-title elementor-size-default\">Ce que vous obtenez<\/h2>\t\t\t\t<\/div>\n\t\t\t\t<div class=\"elementor-element elementor-element-1cfc0fa elementor-widget elementor-widget-text-editor\" data-id=\"1cfc0fa\" data-element_type=\"widget\" data-e-type=\"widget\" data-widget_type=\"text-editor.default\">\n\t\t\t\t\t\t\t\t\t<section class=\"ru-section\"><ul><li>Un <strong>rapport structur\u00e9 et p\u00e9dagogique<\/strong><\/li><li>Une lecture claire de vos forces et points de vigilance<\/li><li>Des <strong>recommandations prioris\u00e9es<\/strong> (quick wins + chantiers structurants)<\/li><li>Une <strong>feuille de route op\u00e9rationnelle<\/strong> (actions, calendrier, ressources&#8230;)<\/li><\/ul><\/section>\t\t\t\t\t\t\t\t<\/div>\n\t\t\t\t<\/div>\n\t\t<div class=\"elementor-element elementor-element-a82dffa e-con-full e-flex e-con e-child\" data-id=\"a82dffa\" data-element_type=\"container\" data-e-type=\"container\">\n\t\t\t\t<div class=\"elementor-element elementor-element-0edde1b elementor-widget elementor-widget-heading\" data-id=\"0edde1b\" data-element_type=\"widget\" data-e-type=\"widget\" data-widget_type=\"heading.default\">\n\t\t\t\t\t<h2 class=\"elementor-heading-title elementor-size-default\">On se lance ? <\/h2>\t\t\t\t<\/div>\n\t\t\t\t<div class=\"elementor-element elementor-element-cf19215 elementor-widget elementor-widget-text-editor\" data-id=\"cf19215\" data-element_type=\"widget\" data-e-type=\"widget\" data-widget_type=\"text-editor.default\">\n\t\t\t\t\t\t\t\t\t<p>Nous vous aidons \u00e0 prendre les bonnes d\u00e9cisions, avec une base solide et partag\u00e9e.<\/p>\t\t\t\t\t\t\t\t<\/div>\n\t\t\t\t<div class=\"elementor-element elementor-element-9afc9be elementor-align-center elementor-widget elementor-widget-button\" data-id=\"9afc9be\" data-element_type=\"widget\" data-e-type=\"widget\" data-widget_type=\"button.default\">\n\t\t\t\t\t\t\t\t\t\t<a class=\"elementor-button elementor-button-link elementor-size-sm\" href=\"#\">\n\t\t\t\t\t\t<span class=\"elementor-button-content-wrapper\">\n\t\t\t\t\t\t\t\t\t<span class=\"elementor-button-text\">Contactez-nous<\/span>\n\t\t\t\t\t<\/span>\n\t\t\t\t\t<\/a>\n\t\t\t\t\t\t\t\t<\/div>\n\t\t<div class=\"elementor-element elementor-element-f51a426 e-grid e-con-full e-con e-child\" data-id=\"f51a426\" data-element_type=\"container\" data-e-type=\"container\">\n\t\t\t\t<\/div>\n\t\t\t\t<\/div>\n\t\t\t\t\t<\/div>\n\t\t\t\t<\/div>\n\t\t<div class=\"elementor-element elementor-element-c73c50c e-grid e-con-boxed e-con e-parent\" data-id=\"c73c50c\" data-element_type=\"container\" data-e-type=\"container\">\n\t\t\t\t\t<div class=\"e-con-inner\">\n\t\t\t\t<div class=\"elementor-element elementor-element-7f56657 elementor-widget-divider--view-line elementor-widget elementor-widget-divider\" data-id=\"7f56657\" data-element_type=\"widget\" data-e-type=\"widget\" data-widget_type=\"divider.default\">\n\t\t\t\t\t\t\t<div class=\"elementor-divider\">\n\t\t\t<span class=\"elementor-divider-separator\">\n\t\t\t\t\t\t<\/span>\n\t\t<\/div>\n\t\t\t\t\t\t<\/div>\n\t\t\t\t\t<\/div>\n\t\t\t\t<\/div>\n\t\t\t\t<\/div>\n\t\t","protected":false},"excerpt":{"rendered":"<p>Audit &amp; Diagnostic ON REPRENDLES BASESPOUR MIEUXSE (RE)LANCER \u00a0 Analyse du mod\u00e8le \u00e9conomique Diversification des ressources et niveaux de d\u00e9pendance \u00c9quilibre financements publics \/ priv\u00e9s Capacit\u00e9 d\u2019autofinancement et trajectoire de d\u00e9veloppement Diagnostic organisationnel R\u00e9partition des r\u00f4les (\u00e9quipe \/ b\u00e9n\u00e9voles \/ gouvernance) Implication et alignement du conseil d\u2019administration Niveau de maturit\u00e9 fundraising \u00c9valuation des pratiques de [&hellip;]<\/p>\n","protected":false},"author":1,"featured_media":0,"parent":0,"menu_order":0,"comment_status":"closed","ping_status":"closed","template":"","meta":{"footnotes":""},"class_list":["post-178","page","type-page","status-publish","hentry"],"_links":{"self":[{"href":"https:\/\/raiseup-fundraising.fr\/index.php\/wp-json\/wp\/v2\/pages\/178","targetHints":{"allow":["GET"]}}],"collection":[{"href":"https:\/\/raiseup-fundraising.fr\/index.php\/wp-json\/wp\/v2\/pages"}],"about":[{"href":"https:\/\/raiseup-fundraising.fr\/index.php\/wp-json\/wp\/v2\/types\/page"}],"author":[{"embeddable":true,"href":"https:\/\/raiseup-fundraising.fr\/index.php\/wp-json\/wp\/v2\/users\/1"}],"replies":[{"embeddable":true,"href":"https:\/\/raiseup-fundraising.fr\/index.php\/wp-json\/wp\/v2\/comments?post=178"}],"version-history":[{"count":37,"href":"https:\/\/raiseup-fundraising.fr\/index.php\/wp-json\/wp\/v2\/pages\/178\/revisions"}],"predecessor-version":[{"id":217,"href":"https:\/\/raiseup-fundraising.fr\/index.php\/wp-json\/wp\/v2\/pages\/178\/revisions\/217"}],"wp:attachment":[{"href":"https:\/\/raiseup-fundraising.fr\/index.php\/wp-json\/wp\/v2\/media?parent=178"}],"curies":[{"name":"wp","href":"https:\/\/api.w.org\/{rel}","templated":true}]}}