{"id":242,"date":"2026-02-18T15:56:21","date_gmt":"2026-02-18T15:56:21","guid":{"rendered":"https:\/\/raiseup-fundraising.fr\/?page_id=242"},"modified":"2026-03-04T09:55:20","modified_gmt":"2026-03-04T09:55:20","slug":"formation","status":"publish","type":"page","link":"https:\/\/raiseup-fundraising.fr\/index.php\/formation\/","title":{"rendered":"Formation"},"content":{"rendered":"\t\t<div data-elementor-type=\"wp-page\" data-elementor-id=\"242\" class=\"elementor elementor-242\">\n\t\t\t\t<div class=\"elementor-element elementor-element-ff6f563 e-grid e-con-boxed e-con e-parent\" data-id=\"ff6f563\" data-element_type=\"container\" data-e-type=\"container\">\n\t\t\t\t\t<div class=\"e-con-inner\">\n\t\t<div class=\"elementor-element elementor-element-757b3ba e-con-full e-flex e-con e-child\" data-id=\"757b3ba\" data-element_type=\"container\" data-e-type=\"container\">\n\t\t\t\t<div class=\"elementor-element elementor-element-c591ae2 elementor-view-default elementor-widget elementor-widget-icon\" data-id=\"c591ae2\" data-element_type=\"widget\" data-e-type=\"widget\" data-widget_type=\"icon.default\">\n\t\t\t\t\t\t\t<div class=\"elementor-icon-wrapper\">\n\t\t\t<div class=\"elementor-icon\">\n\t\t\t<svg aria-hidden=\"true\" class=\"e-font-icon-svg e-fas-graduation-cap\" viewBox=\"0 0 640 512\" xmlns=\"http:\/\/www.w3.org\/2000\/svg\"><path d=\"M622.34 153.2L343.4 67.5c-15.2-4.67-31.6-4.67-46.79 0L17.66 153.2c-23.54 7.23-23.54 38.36 0 45.59l48.63 14.94c-10.67 13.19-17.23 29.28-17.88 46.9C38.78 266.15 32 276.11 32 288c0 10.78 5.68 19.85 13.86 25.65L20.33 428.53C18.11 438.52 25.71 448 35.94 448h56.11c10.24 0 17.84-9.48 15.62-19.47L82.14 313.65C90.32 307.85 96 298.78 96 288c0-11.57-6.47-21.25-15.66-26.87.76-15.02 8.44-28.3 20.69-36.72L296.6 284.5c9.06 2.78 26.44 6.25 46.79 0l278.95-85.7c23.55-7.24 23.55-38.36 0-45.6zM352.79 315.09c-28.53 8.76-52.84 3.92-65.59 0l-145.02-44.55L128 384c0 35.35 85.96 64 192 64s192-28.65 192-64l-14.18-113.47-145.03 44.56z\"><\/path><\/svg>\t\t\t<\/div>\n\t\t<\/div>\n\t\t\t\t\t\t<\/div>\n\t\t\t\t<div class=\"elementor-element elementor-element-73f0071 elementor-widget elementor-widget-heading\" data-id=\"73f0071\" data-element_type=\"widget\" data-e-type=\"widget\" data-widget_type=\"heading.default\">\n\t\t\t\t\t<h2 class=\"elementor-heading-title elementor-size-default\">Formation<br \/>Equipe &amp; Gouvernance<\/h2>\t\t\t\t<\/div>\n\t\t<div class=\"elementor-element elementor-element-1753cd1 e-con-full e-flex e-con e-child\" data-id=\"1753cd1\" data-element_type=\"container\" data-e-type=\"container\">\n\t\t\t\t<div class=\"elementor-element elementor-element-04e4c19 elementor-widget elementor-widget-text-editor\" data-id=\"04e4c19\" data-element_type=\"widget\" data-e-type=\"widget\" data-widget_type=\"text-editor.default\">\n\t\t\t\t\t\t\t\t\t<section class=\"ru-section ru-hero\"><p><strong>Donner \u00e0 chacun les bases pour porter et r\u00e9ussir la collecte de fonds.<\/strong><\/p><p>Dans de nombreuses associations, la gouvernance est compos\u00e9e de b\u00e9n\u00e9voles engag\u00e9s, souvent issus d\u2019autres secteurs. Leur sensibilit\u00e9 \u00e0 l\u2019objet social est \u00e9vidente \u2014 mais leur connaissance du <strong>mod\u00e8le \u00e9conomique associatif<\/strong> et des <strong>sp\u00e9cificit\u00e9s de la collecte<\/strong> est parfois limit\u00e9e.<\/p><p>Or, une strat\u00e9gie de collecte ne peut r\u00e9ussir sans une gouvernance <strong>align\u00e9e<\/strong>, <strong>outill\u00e9e<\/strong> et <strong>impliqu\u00e9e<\/strong>.<\/p><\/section><section class=\"ru-section\"><h2>Pourquoi former la gouvernance ?<\/h2><ul><li>Parce qu\u2019elle valide la strat\u00e9gie et les investissements<\/li><li>Parce qu\u2019elle porte la cr\u00e9dibilit\u00e9 externe de l\u2019association<\/li><li>Parce qu\u2019elle peut activer des r\u00e9seaux (entreprises, fondations, d\u00e9cideurs)<\/li><li>Parce qu\u2019elle doit comprendre les enjeux financiers pour d\u00e9cider sereinement<\/li><\/ul><div class=\"ru-callout\"><p><strong>Une gouvernance form\u00e9e<\/strong> devient un levier puissant : elle s\u00e9curise le cap, soutient l\u2019\u00e9quipe et renforce l\u2019impact.<\/p><\/div><\/section><section class=\"ru-section\"><\/section>\t\t\t\t\t\t\t\t<\/div>\n\t\t\t\t<div class=\"elementor-element elementor-element-96c4d21 elementor-align-center elementor-widget elementor-widget-button\" data-id=\"96c4d21\" data-element_type=\"widget\" data-e-type=\"widget\" data-widget_type=\"button.default\">\n\t\t\t\t\t\t\t\t\t\t<a class=\"elementor-button elementor-button-link elementor-size-sm\" href=\"https:\/\/raiseup-fundraising.fr\/index.php\/30-minutes\/\">\n\t\t\t\t\t\t<span class=\"elementor-button-content-wrapper\">\n\t\t\t\t\t\t\t\t\t<span class=\"elementor-button-text\">Nous contacter<\/span>\n\t\t\t\t\t<\/span>\n\t\t\t\t\t<\/a>\n\t\t\t\t\t\t\t\t<\/div>\n\t\t\t\t<\/div>\n\t\t\t\t<\/div>\n\t\t<div class=\"elementor-element elementor-element-12cd32e e-con-full e-flex e-con e-child\" data-id=\"12cd32e\" data-element_type=\"container\" data-e-type=\"container\">\n\t\t\t\t<div class=\"elementor-element elementor-element-5ca4ae5 elementor-widget elementor-widget-heading\" data-id=\"5ca4ae5\" data-element_type=\"widget\" data-e-type=\"widget\" data-widget_type=\"heading.default\">\n\t\t\t\t\t<h2 class=\"elementor-heading-title elementor-size-default\">\"La r\u00e9ussite de la collecte est l'affaire de toute l'organisation\"<\/h2>\t\t\t\t<\/div>\n\t\t\t\t<div class=\"elementor-element elementor-element-c8fec52 elementor-widget elementor-widget-text-editor\" data-id=\"c8fec52\" data-element_type=\"widget\" data-e-type=\"widget\" data-widget_type=\"text-editor.default\">\n\t\t\t\t\t\t\t\t\t<section class=\"ru-section\"><h2>Modules de formation (adaptables)<\/h2><h3>Les bases du mod\u00e8le \u00e9conomique associatif<\/h3><ul><li>Panorama des ressources (public\/priv\u00e9, marchand\/non-marchand)<\/li><li>D\u00e9pendances, risques et leviers de diversification<\/li><li>Choisir une strat\u00e9gie de financement coh\u00e9rente<\/li><\/ul><h3>Fondamentaux du fundraising<\/h3><ul><li>Principes cl\u00e9s (don, contrepartie, relation, confiance)<\/li><li>\u00c9thique, cadre et bonnes pratiques<\/li><li>Panorama des leviers (grand public, m\u00e9c\u00e9nat, fondations, dons r\u00e9guliers\u2026)<\/li><\/ul><h3>R\u00f4le strat\u00e9gique du conseil d\u2019administration<\/h3><ul><li>Posture attendue et responsabilit\u00e9s<\/li><li>Implication dans la collecte sans \u201ctout faire\u201d<\/li><li>Mobilisation des r\u00e9seaux et ambassadeurs<\/li><li>Pilotage : indicateurs et d\u00e9cisions<\/li><\/ul><h3>Formation op\u00e9rationnelle pour les \u00e9quipes<\/h3><ul><li>Construire une campagne (objectif, cible, offre, messages)<\/li><li>Plan d\u2019action et calendrier<\/li><li>Suivi des indicateurs et am\u00e9lioration continue<\/li><\/ul><\/section><section class=\"ru-section\"><h2>Formats propos\u00e9s<\/h2><ul><li>Ateliers collectifs (2h \u00e0 1\/2 journ\u00e9e)<\/li><li>S\u00e9minaires strat\u00e9giques (gouvernance + direction)<\/li><li>Formations intra-associatives (sur-mesure)<\/li><li>Interventions \/ conf\u00e9rences (\u00e9v\u00e9nements, \u00e9coles, r\u00e9seaux associatifs)<\/li><\/ul><\/section>\t\t\t\t\t\t\t\t<\/div>\n\t\t<div class=\"elementor-element elementor-element-f1a9fc7 e-con-full e-flex e-con e-child\" data-id=\"f1a9fc7\" data-element_type=\"container\" data-e-type=\"container\">\n\t\t\t\t<\/div>\n\t\t\t\t<\/div>\n\t\t\t\t\t<\/div>\n\t\t\t\t<\/div>\n\t\t\t\t<\/div>\n\t\t","protected":false},"excerpt":{"rendered":"<p>FormationEquipe &amp; Gouvernance Donner \u00e0 chacun les bases pour porter et r\u00e9ussir la collecte de fonds. Dans de nombreuses associations, la gouvernance est compos\u00e9e de b\u00e9n\u00e9voles engag\u00e9s, souvent issus d\u2019autres secteurs. Leur sensibilit\u00e9 \u00e0 l\u2019objet social est \u00e9vidente \u2014 mais leur connaissance du mod\u00e8le \u00e9conomique associatif et des sp\u00e9cificit\u00e9s de la collecte est parfois limit\u00e9e. [&hellip;]<\/p>\n","protected":false},"author":1,"featured_media":0,"parent":0,"menu_order":0,"comment_status":"closed","ping_status":"closed","template":"","meta":{"footnotes":""},"class_list":["post-242","page","type-page","status-publish","hentry"],"_links":{"self":[{"href":"https:\/\/raiseup-fundraising.fr\/index.php\/wp-json\/wp\/v2\/pages\/242","targetHints":{"allow":["GET"]}}],"collection":[{"href":"https:\/\/raiseup-fundraising.fr\/index.php\/wp-json\/wp\/v2\/pages"}],"about":[{"href":"https:\/\/raiseup-fundraising.fr\/index.php\/wp-json\/wp\/v2\/types\/page"}],"author":[{"embeddable":true,"href":"https:\/\/raiseup-fundraising.fr\/index.php\/wp-json\/wp\/v2\/users\/1"}],"replies":[{"embeddable":true,"href":"https:\/\/raiseup-fundraising.fr\/index.php\/wp-json\/wp\/v2\/comments?post=242"}],"version-history":[{"count":25,"href":"https:\/\/raiseup-fundraising.fr\/index.php\/wp-json\/wp\/v2\/pages\/242\/revisions"}],"predecessor-version":[{"id":318,"href":"https:\/\/raiseup-fundraising.fr\/index.php\/wp-json\/wp\/v2\/pages\/242\/revisions\/318"}],"wp:attachment":[{"href":"https:\/\/raiseup-fundraising.fr\/index.php\/wp-json\/wp\/v2\/media?parent=242"}],"curies":[{"name":"wp","href":"https:\/\/api.w.org\/{rel}","templated":true}]}}