{"id":253,"date":"2026-02-19T14:17:52","date_gmt":"2026-02-19T14:17:52","guid":{"rendered":"https:\/\/raiseup-fundraising.fr\/?page_id=253"},"modified":"2026-02-19T14:45:04","modified_gmt":"2026-02-19T14:45:04","slug":"accompagnement","status":"publish","type":"page","link":"https:\/\/raiseup-fundraising.fr\/index.php\/accompagnement\/","title":{"rendered":"Accompagnement"},"content":{"rendered":"\t\t<div data-elementor-type=\"wp-page\" data-elementor-id=\"253\" class=\"elementor elementor-253\">\n\t\t\t\t<div class=\"elementor-element elementor-element-666892f e-flex e-con-boxed e-con e-parent\" data-id=\"666892f\" data-element_type=\"container\" data-e-type=\"container\">\n\t\t\t\t\t<div class=\"e-con-inner\">\n\t\t\t\t<div class=\"elementor-element elementor-element-25f1fb8 elementor-widget-divider--view-line elementor-widget elementor-widget-divider\" data-id=\"25f1fb8\" data-element_type=\"widget\" data-e-type=\"widget\" data-widget_type=\"divider.default\">\n\t\t\t\t\t\t\t<div class=\"elementor-divider\">\n\t\t\t<span class=\"elementor-divider-separator\">\n\t\t\t\t\t\t<\/span>\n\t\t<\/div>\n\t\t\t\t\t\t<\/div>\n\t\t\t\t\t<\/div>\n\t\t\t\t<\/div>\n\t\t<div class=\"elementor-element elementor-element-ee3df32 e-grid e-con-boxed e-con e-parent\" data-id=\"ee3df32\" data-element_type=\"container\" data-e-type=\"container\">\n\t\t\t\t\t<div class=\"e-con-inner\">\n\t\t<div class=\"elementor-element elementor-element-8a20d7d e-con-full e-flex e-con e-child\" data-id=\"8a20d7d\" data-element_type=\"container\" data-e-type=\"container\">\n\t\t<div class=\"elementor-element elementor-element-5b56c10 e-con-full e-flex e-con e-child\" data-id=\"5b56c10\" data-element_type=\"container\" data-e-type=\"container\">\n\t\t\t\t<div class=\"elementor-element elementor-element-4c675d5 elementor-widget elementor-widget-heading\" data-id=\"4c675d5\" data-element_type=\"widget\" data-e-type=\"widget\" data-widget_type=\"heading.default\">\n\t\t\t\t\t<h2 class=\"elementor-heading-title elementor-size-default\">Accompagnement Strat\u00e9gique  &amp; Op\u00e9rationnel<\/h2>\t\t\t\t<\/div>\n\t\t\t\t<\/div>\n\t\t\t\t<\/div>\n\t\t<div class=\"elementor-element elementor-element-adbdc53 e-con-full e-flex e-con e-child\" data-id=\"adbdc53\" data-element_type=\"container\" data-e-type=\"container\">\n\t\t\t\t<div class=\"elementor-element elementor-element-fd08926 elementor-widget elementor-widget-text-editor\" data-id=\"fd08926\" data-element_type=\"widget\" data-e-type=\"widget\" data-widget_type=\"text-editor.default\">\n\t\t\t\t\t\t\t\t\t<p>De la vision \u00e0 la mise en \u0153uvre concr\u00e8te.<br \/>D\u00e9finir une strat\u00e9gie est une chose. La mettre en \u0153uvre efficacement en est une autre.<\/p><p>Raise Up Fundraising vous accompagne dans la <strong>d\u00e9finition des objectifs<\/strong>, la <strong>structuration des ressources<\/strong> et le <strong>pilotage des campagnes<\/strong>, avec une approche pragmatique adapt\u00e9e \u00e0 la taille de votre structure.<\/p>\t\t\t\t\t\t\t\t<\/div>\n\t\t\t\t<\/div>\n\t\t\t\t\t<\/div>\n\t\t\t\t<\/div>\n\t\t<div class=\"elementor-element elementor-element-ed58447 e-grid e-con-boxed e-con e-parent\" data-id=\"ed58447\" data-element_type=\"container\" data-e-type=\"container\">\n\t\t\t\t\t<div class=\"e-con-inner\">\n\t\t\t\t<div class=\"elementor-element elementor-element-556b66b elementor-widget-divider--view-line elementor-widget elementor-widget-divider\" data-id=\"556b66b\" data-element_type=\"widget\" data-e-type=\"widget\" data-widget_type=\"divider.default\">\n\t\t\t\t\t\t\t<div class=\"elementor-divider\">\n\t\t\t<span class=\"elementor-divider-separator\">\n\t\t\t\t\t\t<\/span>\n\t\t<\/div>\n\t\t\t\t\t\t<\/div>\n\t\t\t\t<div class=\"elementor-element elementor-element-2a08c2d elementor-widget elementor-widget-heading\" data-id=\"2a08c2d\" data-element_type=\"widget\" data-e-type=\"widget\" data-widget_type=\"heading.default\">\n\t\t\t\t\t<h2 class=\"elementor-heading-title elementor-size-default\">Notre m\u00e9thode<\/h2>\t\t\t\t<\/div>\n\t\t\t\t\t<\/div>\n\t\t\t\t<\/div>\n\t\t<div class=\"elementor-element elementor-element-cf0680a e-grid e-con-boxed e-con e-parent\" data-id=\"cf0680a\" data-element_type=\"container\" data-e-type=\"container\">\n\t\t\t\t\t<div class=\"e-con-inner\">\n\t\t\t\t<div class=\"elementor-element elementor-element-a9008ac elementor-widget elementor-widget-text-editor\" data-id=\"a9008ac\" data-element_type=\"widget\" data-e-type=\"widget\" data-widget_type=\"text-editor.default\">\n\t\t\t\t\t\t\t\t\t<section class=\"ru-section\"><div class=\"ru-steps\"><h5>1) D\u00e9finir une strat\u00e9gie claire<\/h5><ul><li>Clarification des ambitions et du besoin de financement<\/li><li>Objectifs r\u00e9alistes et progressifs<\/li><li>Segmentation des cibles (donateurs, entreprises, fondations\u2026)<\/li><li>Choix des leviers prioritaires<\/li><\/ul><\/div><\/section><section class=\"ru-section\"><\/section>\t\t\t\t\t\t\t\t<\/div>\n\t\t\t\t<div class=\"elementor-element elementor-element-81f1be3 elementor-widget elementor-widget-text-editor\" data-id=\"81f1be3\" data-element_type=\"widget\" data-e-type=\"widget\" data-widget_type=\"text-editor.default\">\n\t\t\t\t\t\t\t\t\t<section class=\"ru-section\"><div class=\"ru-steps\"><h5>2) Structurer les moyens<\/h5><ul><li>Organisation interne et gouvernance (qui fait quoi)<\/li><li>Outils &amp; process (CRM, fichiers, contenus, reporting)<\/li><li>Calendrier annuel de collecte<\/li><li>Plan de charge et ressources n\u00e9cessaires<\/li><\/ul><\/div><\/section><section class=\"ru-section\"><\/section>\t\t\t\t\t\t\t\t<\/div>\n\t\t\t\t<div class=\"elementor-element elementor-element-2b0a7d6 elementor-widget elementor-widget-text-editor\" data-id=\"2b0a7d6\" data-element_type=\"widget\" data-e-type=\"widget\" data-widget_type=\"text-editor.default\">\n\t\t\t\t\t\t\t\t\t<section class=\"ru-section\"><div class=\"ru-steps\"><h5>3) Mettre en \u0153uvre &amp; piloter<\/h5><ul><li>Lancement des campagnes et production des supports<\/li><li>Ajustements en temps r\u00e9el<\/li><li>Suivi des indicateurs (acquisition, conversion, r\u00e9tention)<\/li><li>Analyse des r\u00e9sultats et plan d\u2019am\u00e9lioration<\/li><\/ul><\/div><\/section><section class=\"ru-section\"><\/section>\t\t\t\t\t\t\t\t<\/div>\n\t\t<div class=\"elementor-element elementor-element-401b315 e-grid e-con-full e-con e-child\" data-id=\"401b315\" data-element_type=\"container\" data-e-type=\"container\">\n\t\t\t\t<\/div>\n\t\t\t\t<div class=\"elementor-element elementor-element-a2f4227 elementor-align-center elementor-widget elementor-widget-button\" data-id=\"a2f4227\" data-element_type=\"widget\" data-e-type=\"widget\" data-widget_type=\"button.default\">\n\t\t\t\t\t\t\t\t\t\t<a class=\"elementor-button elementor-button-link elementor-size-sm\" href=\"https:\/\/raiseup-fundraising.fr\/index.php\/30-minutes\/\">\n\t\t\t\t\t\t<span class=\"elementor-button-content-wrapper\">\n\t\t\t\t\t\t\t\t\t<span class=\"elementor-button-text\">Prenez Rendez-vous d\u00e8s maintenant !<\/span>\n\t\t\t\t\t<\/span>\n\t\t\t\t\t<\/a>\n\t\t\t\t\t\t\t\t<\/div>\n\t\t\t\t\t<\/div>\n\t\t\t\t<\/div>\n\t\t\t\t<\/div>\n\t\t","protected":false},"excerpt":{"rendered":"<p>Accompagnement Strat\u00e9gique &amp; Op\u00e9rationnel De la vision \u00e0 la mise en \u0153uvre concr\u00e8te.D\u00e9finir une strat\u00e9gie est une chose. La mettre en \u0153uvre efficacement en est une autre. Raise Up Fundraising vous accompagne dans la d\u00e9finition des objectifs, la structuration des ressources et le pilotage des campagnes, avec une approche pragmatique adapt\u00e9e \u00e0 la taille de [&hellip;]<\/p>\n","protected":false},"author":1,"featured_media":0,"parent":0,"menu_order":0,"comment_status":"closed","ping_status":"closed","template":"","meta":{"footnotes":""},"class_list":["post-253","page","type-page","status-publish","hentry"],"_links":{"self":[{"href":"https:\/\/raiseup-fundraising.fr\/index.php\/wp-json\/wp\/v2\/pages\/253","targetHints":{"allow":["GET"]}}],"collection":[{"href":"https:\/\/raiseup-fundraising.fr\/index.php\/wp-json\/wp\/v2\/pages"}],"about":[{"href":"https:\/\/raiseup-fundraising.fr\/index.php\/wp-json\/wp\/v2\/types\/page"}],"author":[{"embeddable":true,"href":"https:\/\/raiseup-fundraising.fr\/index.php\/wp-json\/wp\/v2\/users\/1"}],"replies":[{"embeddable":true,"href":"https:\/\/raiseup-fundraising.fr\/index.php\/wp-json\/wp\/v2\/comments?post=253"}],"version-history":[{"count":31,"href":"https:\/\/raiseup-fundraising.fr\/index.php\/wp-json\/wp\/v2\/pages\/253\/revisions"}],"predecessor-version":[{"id":289,"href":"https:\/\/raiseup-fundraising.fr\/index.php\/wp-json\/wp\/v2\/pages\/253\/revisions\/289"}],"wp:attachment":[{"href":"https:\/\/raiseup-fundraising.fr\/index.php\/wp-json\/wp\/v2\/media?parent=253"}],"curies":[{"name":"wp","href":"https:\/\/api.w.org\/{rel}","templated":true}]}}